{"id":1203,"date":"2024-07-08T11:50:12","date_gmt":"2024-07-08T11:50:12","guid":{"rendered":"https:\/\/miraivisions.com\/?page_id=1203"},"modified":"2024-07-08T11:51:43","modified_gmt":"2024-07-08T11:51:43","slug":"otros-proyectos","status":"publish","type":"page","link":"https:\/\/miraivisions.com\/es_es\/otros-proyectos\/","title":{"rendered":"OTROS PROYECTOS"},"content":{"rendered":"\t\t<div data-elementor-type=\"wp-page\" data-elementor-id=\"1203\" class=\"elementor elementor-1203\" data-elementor-settings=\"[]\">\n\t\t\t\t\t\t\t<div class=\"elementor-section-wrap\">\n\t\t\t\t\t\t\t<section class=\"elementor-section elementor-top-section elementor-element elementor-element-d180a49 elementor-section-boxed elementor-section-height-default elementor-section-height-default\" data-id=\"d180a49\" data-element_type=\"section\">\n\t\t\t\t\t\t<div class=\"elementor-container elementor-column-gap-default\">\n\t\t\t\t\t<div class=\"elementor-column elementor-col-100 elementor-top-column elementor-element elementor-element-6ea8675\" data-id=\"6ea8675\" data-element_type=\"column\">\n\t\t\t<div class=\"elementor-widget-wrap elementor-element-populated\">\n\t\t\t\t\t\t\t\t<div class=\"elementor-element elementor-element-3eca1b0 elementor-widget elementor-widget-image\" data-id=\"3eca1b0\" data-element_type=\"widget\" data-widget_type=\"image.default\">\n\t\t\t\t<div class=\"elementor-widget-container\">\n\t\t\t<style>\/*! elementor - v3.5.3 - 28-12-2021 *\/\n.elementor-widget-image{text-align:center}.elementor-widget-image a{display:inline-block}.elementor-widget-image a img[src$=\".svg\"]{width:48px}.elementor-widget-image img{vertical-align:middle;display:inline-block}<\/style>\t\t\t\t\t\t\t\t\t\t\t\t<img loading=\"lazy\" decoding=\"async\" width=\"1024\" height=\"572\" src=\"https:\/\/miraivisions.com\/wp-content\/uploads\/2024\/07\/5-1024x572.png\" class=\"attachment-large size-large\" alt=\"\" srcset=\"https:\/\/miraivisions.com\/wp-content\/uploads\/2024\/07\/5-1024x572.png 1024w, https:\/\/miraivisions.com\/wp-content\/uploads\/2024\/07\/5-300x168.png 300w, https:\/\/miraivisions.com\/wp-content\/uploads\/2024\/07\/5-768x429.png 768w, https:\/\/miraivisions.com\/wp-content\/uploads\/2024\/07\/5-1536x858.png 1536w, https:\/\/miraivisions.com\/wp-content\/uploads\/2024\/07\/5-18x10.png 18w, https:\/\/miraivisions.com\/wp-content\/uploads\/2024\/07\/5.png 1602w\" sizes=\"auto, (max-width: 1024px) 100vw, 1024px\" \/>\t\t\t\t\t\t\t\t\t\t\t\t\t\t\t<\/div>\n\t\t\t\t<\/div>\n\t\t\t\t\t<\/div>\n\t\t<\/div>\n\t\t\t\t\t\t\t<\/div>\n\t\t<\/section>\n\t\t\t\t<section class=\"elementor-section elementor-top-section elementor-element elementor-element-391650b elementor-section-boxed elementor-section-height-default elementor-section-height-default\" data-id=\"391650b\" data-element_type=\"section\">\n\t\t\t\t\t\t<div class=\"elementor-container elementor-column-gap-default\">\n\t\t\t\t\t<div class=\"elementor-column elementor-col-100 elementor-top-column elementor-element elementor-element-bc258d4\" data-id=\"bc258d4\" data-element_type=\"column\">\n\t\t\t<div class=\"elementor-widget-wrap elementor-element-populated\">\n\t\t\t\t\t\t\t\t<div class=\"elementor-element elementor-element-e73c678 elementor-widget elementor-widget-text-editor\" data-id=\"e73c678\" data-element_type=\"widget\" data-widget_type=\"text-editor.default\">\n\t\t\t\t<div class=\"elementor-widget-container\">\n\t\t\t<style>\/*! elementor - v3.5.3 - 28-12-2021 *\/\n.elementor-widget-text-editor.elementor-drop-cap-view-stacked .elementor-drop-cap{background-color:#818a91;color:#fff}.elementor-widget-text-editor.elementor-drop-cap-view-framed .elementor-drop-cap{color:#818a91;border:3px solid;background-color:transparent}.elementor-widget-text-editor:not(.elementor-drop-cap-view-default) .elementor-drop-cap{margin-top:8px}.elementor-widget-text-editor:not(.elementor-drop-cap-view-default) .elementor-drop-cap-letter{width:1em;height:1em}.elementor-widget-text-editor .elementor-drop-cap{float:left;text-align:center;line-height:1;font-size:50px}.elementor-widget-text-editor .elementor-drop-cap-letter{display:inline-block}<\/style>\t\t\t\t<p>Proyecto hecho para la Jam Lvl Up Game Jam 2024, de 1 semana de duraci\u00f3n y cuyo tema era: Inteligencia colectiva vs Locura colectiva.<\/p><p>Creadores: Yul Isidro Mart\u00edn (Game design), Mario Torres Ronda (Programaci\u00f3n) y Alejandro Mart\u00edn Claudio (Programaci\u00f3n).<\/p>\t\t\t\t\t\t<\/div>\n\t\t\t\t<\/div>\n\t\t\t\t\t<\/div>\n\t\t<\/div>\n\t\t\t\t\t\t\t<\/div>\n\t\t<\/section>\n\t\t\t\t<section class=\"elementor-section elementor-top-section elementor-element elementor-element-b4b0f7c elementor-section-boxed elementor-section-height-default elementor-section-height-default\" data-id=\"b4b0f7c\" data-element_type=\"section\">\n\t\t\t\t\t\t<div class=\"elementor-container elementor-column-gap-default\">\n\t\t\t\t\t<div class=\"elementor-column elementor-col-100 elementor-top-column elementor-element elementor-element-743a6c4\" data-id=\"743a6c4\" data-element_type=\"column\">\n\t\t\t<div class=\"elementor-widget-wrap elementor-element-populated\">\n\t\t\t\t\t\t\t\t<div class=\"elementor-element elementor-element-05469e1 elementor-align-center elementor-widget elementor-widget-button\" data-id=\"05469e1\" data-element_type=\"widget\" data-widget_type=\"button.default\">\n\t\t\t\t<div class=\"elementor-widget-container\">\n\t\t\t\t\t<div class=\"elementor-button-wrapper\">\n\t\t\t<a href=\"https:\/\/mirai-visions.itch.io\/equilibrio-precarrio\" class=\"elementor-button-link elementor-button elementor-size-sm\" role=\"button\">\n\t\t\t\t\t\t<span class=\"elementor-button-content-wrapper\">\n\t\t\t\t\t\t<span class=\"elementor-button-text\">Juega a Equilibrio Prec-Arr-Io aqu\u00ed<\/span>\n\t\t<\/span>\n\t\t\t\t\t<\/a>\n\t\t<\/div>\n\t\t\t\t<\/div>\n\t\t\t\t<\/div>\n\t\t\t\t\t<\/div>\n\t\t<\/div>\n\t\t\t\t\t\t\t<\/div>\n\t\t<\/section>\n\t\t\t\t\t\t<\/div>\n\t\t\t\t\t<\/div>\n\t\t","protected":false},"excerpt":{"rendered":"<p>Proyecto hecho para la Jam Lvl Up Game Jam 2024, de 1 semana de duraci\u00f3n y cuyo tema era: Inteligencia colectiva vs Locura colectiva. Creadores: Yul Isidro Mart\u00edn (Game design), Mario Torres Ronda (Programaci\u00f3n) y Alejandro Mart\u00edn Claudio (Programaci\u00f3n). Juega a Equilibrio Prec-Arr-Io aqu\u00ed<\/p>\n","protected":false},"author":1,"featured_media":0,"parent":0,"menu_order":0,"comment_status":"closed","ping_status":"closed","template":"","meta":{"_monsterinsights_skip_tracking":false,"_monsterinsights_sitenote_active":false,"_monsterinsights_sitenote_note":"","_monsterinsights_sitenote_category":0,"site-sidebar-layout":"no-sidebar","site-content-layout":"page-builder","ast-main-header-display":"","ast-hfb-above-header-display":"","ast-hfb-below-header-display":"","ast-hfb-mobile-header-display":"","site-post-title":"disabled","ast-breadcrumbs-content":"","ast-featured-img":"disabled","footer-sml-layout":"","theme-transparent-header-meta":"","adv-header-id-meta":"","stick-header-meta":"","header-above-stick-meta":"","header-main-stick-meta":"","header-below-stick-meta":"","footnotes":""},"class_list":["post-1203","page","type-page","status-publish","hentry"],"_links":{"self":[{"href":"https:\/\/miraivisions.com\/es_es\/wp-json\/wp\/v2\/pages\/1203","targetHints":{"allow":["GET"]}}],"collection":[{"href":"https:\/\/miraivisions.com\/es_es\/wp-json\/wp\/v2\/pages"}],"about":[{"href":"https:\/\/miraivisions.com\/es_es\/wp-json\/wp\/v2\/types\/page"}],"author":[{"embeddable":true,"href":"https:\/\/miraivisions.com\/es_es\/wp-json\/wp\/v2\/users\/1"}],"replies":[{"embeddable":true,"href":"https:\/\/miraivisions.com\/es_es\/wp-json\/wp\/v2\/comments?post=1203"}],"version-history":[{"count":4,"href":"https:\/\/miraivisions.com\/es_es\/wp-json\/wp\/v2\/pages\/1203\/revisions"}],"predecessor-version":[{"id":1208,"href":"https:\/\/miraivisions.com\/es_es\/wp-json\/wp\/v2\/pages\/1203\/revisions\/1208"}],"wp:attachment":[{"href":"https:\/\/miraivisions.com\/es_es\/wp-json\/wp\/v2\/media?parent=1203"}],"curies":[{"name":"wp","href":"https:\/\/api.w.org\/{rel}","templated":true}]}}