{"id":653,"date":"2022-01-24T13:52:11","date_gmt":"2022-01-24T13:52:11","guid":{"rendered":"http:\/\/miraivisions.com\/?page_id=653"},"modified":"2022-01-28T02:06:49","modified_gmt":"2022-01-28T02:06:49","slug":"quiz","status":"publish","type":"page","link":"https:\/\/miraivisions.com\/en\/quiz\/","title":{"rendered":"quiz"},"content":{"rendered":"<div data-elementor-type=\"wp-page\" data-elementor-id=\"653\" class=\"elementor elementor-653\" data-elementor-settings=\"[]\">\n\t\t\t\t\t\t\t<div class=\"elementor-section-wrap\">\n\t\t\t\t\t\t\t<section class=\"elementor-section elementor-top-section elementor-element elementor-element-40e6dc5a elementor-section-boxed elementor-section-height-default elementor-section-height-default\" data-id=\"40e6dc5a\" data-element_type=\"section\">\n\t\t\t\t\t\t<div class=\"elementor-container elementor-column-gap-default\">\n\t\t\t\t\t<div class=\"elementor-column elementor-col-100 elementor-top-column elementor-element elementor-element-24faed66\" data-id=\"24faed66\" data-element_type=\"column\">\n\t\t\t<div class=\"elementor-widget-wrap elementor-element-populated\">\n\t\t\t\t\t\t\t\t<div class=\"elementor-element elementor-element-55a6e97a elementor-widget elementor-widget-text-editor\" data-id=\"55a6e97a\" data-element_type=\"widget\" data-widget_type=\"text-editor.default\">\n\t\t\t\t<div class=\"elementor-widget-container\">\n\t\t\t<style>\/*! elementor - v3.5.3 - 28-12-2021 *\/\n.elementor-widget-text-editor.elementor-drop-cap-view-stacked .elementor-drop-cap{background-color:#818a91;color:#fff}.elementor-widget-text-editor.elementor-drop-cap-view-framed .elementor-drop-cap{color:#818a91;border:3px solid;background-color:transparent}.elementor-widget-text-editor:not(.elementor-drop-cap-view-default) .elementor-drop-cap{margin-top:8px}.elementor-widget-text-editor:not(.elementor-drop-cap-view-default) .elementor-drop-cap-letter{width:1em;height:1em}.elementor-widget-text-editor .elementor-drop-cap{float:left;text-align:center;line-height:1;font-size:50px}.elementor-widget-text-editor .elementor-drop-cap-letter{display:inline-block}<\/style>\t\t\t\t<p><!-- wp:paragraph --><\/p>\n<p><!-- \/wp:paragraph --><\/p>\n<p><!-- wp:paragraph --><\/p>\n<p>Una manera mostrar un pedacito del universo de Future:0, es haciendo participes a los futuros jugadores de un proceso en el cual vais a conocer la personalidad de siete de los personajes de la novela visual.&nbsp;<br>Para ello, hemos realizado un test que permite que averig\u00fc\u00e9is y os identifiqu\u00e9is con ellos<br><\/p>\n<p><!-- \/wp:paragraph --><\/p>\n<p><!-- wp:paragraph --><\/p>\n<p>Es importante que teng\u00e1is en cuenta el hecho de que es completamente normal que no concord\u00e9is con todo lo que salga en la descripci\u00f3n que os saldr\u00e1 cuando acab\u00e9is el test. Nuestro objetivo es transmitir a qu\u00e9 personaje os parec\u00e9is m\u00e1s seg\u00fan vuestras respuestas. Cabe mencionar, que no sois una r\u00e9plica exacta de dicho personaje, debido a que no existen \u00fanicamente siete personalidades en el mundo.<\/p>\n<p><!-- \/wp:paragraph --><\/p>\n<p><!-- wp:paragraph --><\/p>\n<p>Cuando acab\u00e9is os agradecer\u00edamos que dejarais vuestro resultado en este enlace, para que en un futuro veamos qu\u00e9 personaje tiene la personalidad m\u00e1s parecida en el mundo y la que menos:<\/p>\n<p><!-- \/wp:paragraph --><\/p>\n<p><!-- wp:buttons --><\/p>\n<div class=\"wp-block-buttons\">\n<p><!-- wp:button --><\/p>\n<div class=\"wp-block-button\"><a class=\"wp-block-button__link\" href=\"\" target=\"_blank\" rel=\"noreferrer noopener\">Cuando acabes el test pulsa aqu\u00ed<\/a><\/div>\n<p><!-- \/wp:button --><\/p>\n<\/div>\n<p><!-- \/wp:buttons --><\/p>\t\t\t\t\t\t<\/div>\n\t\t\t\t<\/div>\n\t\t\t\t\t<\/div>\n\t\t<\/div>\n\t\t\t\t\t\t\t<\/div>\n\t\t<\/section>\n\t\t\t\t\t\t<\/div>\n\t\t\t\t\t<\/div>","protected":false},"excerpt":{"rendered":"<p>Una manera mostrar un pedacito del universo de Future:0, es haciendo participes a los futuros jugadores de un proceso en el cual vais a conocer la personalidad de siete de los personajes de la novela visual.&nbsp;Para ello, hemos realizado un test que permite que averig\u00fc\u00e9is y os identifiqu\u00e9is con ellos Es importante que teng\u00e1is en &hellip;<\/p>\n<p class=\"read-more\"> <a class=\"\" href=\"https:\/\/miraivisions.com\/en\/quiz\/\"> <span class=\"screen-reader-text\">quiz<\/span> Read More &raquo;<\/a><\/p>","protected":false},"author":1,"featured_media":0,"parent":0,"menu_order":0,"comment_status":"closed","ping_status":"closed","template":"","meta":{"_monsterinsights_skip_tracking":false,"_monsterinsights_sitenote_active":false,"_monsterinsights_sitenote_note":"","_monsterinsights_sitenote_category":0,"site-sidebar-layout":"default","site-content-layout":"default","ast-main-header-display":"","ast-hfb-above-header-display":"","ast-hfb-below-header-display":"","ast-hfb-mobile-header-display":"","site-post-title":"","ast-breadcrumbs-content":"","ast-featured-img":"","footer-sml-layout":"","theme-transparent-header-meta":"","adv-header-id-meta":"","stick-header-meta":"","header-above-stick-meta":"","header-main-stick-meta":"","header-below-stick-meta":"","footnotes":""},"class_list":["post-653","page","type-page","status-publish","hentry"],"_links":{"self":[{"href":"https:\/\/miraivisions.com\/en\/wp-json\/wp\/v2\/pages\/653","targetHints":{"allow":["GET"]}}],"collection":[{"href":"https:\/\/miraivisions.com\/en\/wp-json\/wp\/v2\/pages"}],"about":[{"href":"https:\/\/miraivisions.com\/en\/wp-json\/wp\/v2\/types\/page"}],"author":[{"embeddable":true,"href":"https:\/\/miraivisions.com\/en\/wp-json\/wp\/v2\/users\/1"}],"replies":[{"embeddable":true,"href":"https:\/\/miraivisions.com\/en\/wp-json\/wp\/v2\/comments?post=653"}],"version-history":[{"count":7,"href":"https:\/\/miraivisions.com\/en\/wp-json\/wp\/v2\/pages\/653\/revisions"}],"predecessor-version":[{"id":978,"href":"https:\/\/miraivisions.com\/en\/wp-json\/wp\/v2\/pages\/653\/revisions\/978"}],"wp:attachment":[{"href":"https:\/\/miraivisions.com\/en\/wp-json\/wp\/v2\/media?parent=653"}],"curies":[{"name":"wp","href":"https:\/\/api.w.org\/{rel}","templated":true}]}}